{"id":4650,"date":"2025-06-10T11:59:11","date_gmt":"2025-06-10T09:59:11","guid":{"rendered":"https:\/\/excelsior-hotel.cz\/contact\/"},"modified":"2025-07-24T12:19:16","modified_gmt":"2025-07-24T10:19:16","slug":"contact","status":"publish","type":"page","link":"https:\/\/excelsior-hotel.cz\/en\/contact\/","title":{"rendered":"Contact"},"content":{"rendered":"\t\t<div data-elementor-type=\"wp-page\" data-elementor-id=\"4650\" class=\"elementor elementor-4650 elementor-2798\" data-elementor-post-type=\"page\">\n\t\t\t\t<div class=\"elementor-element elementor-element-37459cf e-flex e-con-boxed e-con e-parent\" data-id=\"37459cf\" data-element_type=\"container\" data-e-type=\"container\">\n\t\t\t\t\t<div class=\"e-con-inner\">\n\t\t<div class=\"elementor-element elementor-element-523c5e2 e-con-full e-flex e-con e-child\" data-id=\"523c5e2\" data-element_type=\"container\" data-e-type=\"container\">\n\t\t\t\t<div class=\"elementor-element elementor-element-a4bd038 elementor-widget elementor-widget-heading\" data-id=\"a4bd038\" data-element_type=\"widget\" data-e-type=\"widget\" data-widget_type=\"heading.default\">\n\t\t\t\t<div class=\"elementor-widget-container\">\n\t\t\t\t\t<h2 class=\"elementor-heading-title elementor-size-default\">Where to<br>find us <\/h2>\t\t\t\t<\/div>\n\t\t\t\t<\/div>\n\t\t\t\t<div class=\"elementor-element elementor-element-d067fe4 e-transform elementor-absolute elementor-widget elementor-widget-text-editor\" data-id=\"d067fe4\" data-element_type=\"widget\" data-e-type=\"widget\" data-settings=\"{&quot;_transform_rotateZ_effect&quot;:{&quot;unit&quot;:&quot;px&quot;,&quot;size&quot;:-10,&quot;sizes&quot;:[]},&quot;_position&quot;:&quot;absolute&quot;,&quot;_transform_rotateZ_effect_widescreen&quot;:{&quot;unit&quot;:&quot;deg&quot;,&quot;size&quot;:&quot;&quot;,&quot;sizes&quot;:[]},&quot;_transform_rotateZ_effect_laptop&quot;:{&quot;unit&quot;:&quot;deg&quot;,&quot;size&quot;:&quot;&quot;,&quot;sizes&quot;:[]},&quot;_transform_rotateZ_effect_tablet_extra&quot;:{&quot;unit&quot;:&quot;deg&quot;,&quot;size&quot;:&quot;&quot;,&quot;sizes&quot;:[]},&quot;_transform_rotateZ_effect_tablet&quot;:{&quot;unit&quot;:&quot;deg&quot;,&quot;size&quot;:&quot;&quot;,&quot;sizes&quot;:[]},&quot;_transform_rotateZ_effect_mobile_extra&quot;:{&quot;unit&quot;:&quot;deg&quot;,&quot;size&quot;:&quot;&quot;,&quot;sizes&quot;:[]},&quot;_transform_rotateZ_effect_mobile&quot;:{&quot;unit&quot;:&quot;deg&quot;,&quot;size&quot;:&quot;&quot;,&quot;sizes&quot;:[]}}\" data-widget_type=\"text-editor.default\">\n\t\t\t\t<div class=\"elementor-widget-container\">\n\t\t\t\t\t\t\t\t\t<h3>Contact with nature<\/h3>\t\t\t\t\t\t\t\t<\/div>\n\t\t\t\t<\/div>\n\t\t\t\t<div class=\"elementor-element elementor-element-db94359 elementor-widget elementor-widget-heading\" data-id=\"db94359\" data-element_type=\"widget\" data-e-type=\"widget\" data-widget_type=\"heading.default\">\n\t\t\t\t<div class=\"elementor-widget-container\">\n\t\t\t\t\t<h5 class=\"elementor-heading-title elementor-size-default\">Address<\/h5>\t\t\t\t<\/div>\n\t\t\t\t<\/div>\n\t\t\t\t<div class=\"elementor-element elementor-element-3f580ae elementor-widget elementor-widget-text-editor\" data-id=\"3f580ae\" data-element_type=\"widget\" data-e-type=\"widget\" data-widget_type=\"text-editor.default\">\n\t\t\t\t<div class=\"elementor-widget-container\">\n\t\t\t\t\t\t\t\t\t<p>Horn\u00ed Lomn\u00e1 071E<br>739 91 Horn\u00ed Lomn\u00e1<br>Czech Republic<\/p>\t\t\t\t\t\t\t\t<\/div>\n\t\t\t\t<\/div>\n\t\t\t\t<div class=\"elementor-element elementor-element-ee7555e elementor-widget elementor-widget-heading\" data-id=\"ee7555e\" data-element_type=\"widget\" data-e-type=\"widget\" data-widget_type=\"heading.default\">\n\t\t\t\t<div class=\"elementor-widget-container\">\n\t\t\t\t\t<h5 class=\"elementor-heading-title elementor-size-default\">Billing information<\/h5>\t\t\t\t<\/div>\n\t\t\t\t<\/div>\n\t\t\t\t<div class=\"elementor-element elementor-element-ead306a elementor-widget elementor-widget-text-editor\" data-id=\"ead306a\" data-element_type=\"widget\" data-e-type=\"widget\" data-widget_type=\"text-editor.default\">\n\t\t\t\t<div class=\"elementor-widget-container\">\n\t\t\t\t\t\t\t\t\t<p>KORAS Reality s. r. o.<br>Soukenick\u00e1 877\/9<br>702 00 Ostrava<br>I\u010cO: 26813963<br>DI\u010c: CZ26813963 <\/p><p>Account number: 107-4906750287\/0100<\/p>\t\t\t\t\t\t\t\t<\/div>\n\t\t\t\t<\/div>\n\t\t\t\t<\/div>\n\t\t<div class=\"elementor-element elementor-element-07bbf6e e-con-full e-flex e-con e-child\" data-id=\"07bbf6e\" data-element_type=\"container\" data-e-type=\"container\">\n\t\t\t\t<div class=\"elementor-element elementor-element-cc622ce elementor-widget elementor-widget-image\" data-id=\"cc622ce\" data-element_type=\"widget\" data-e-type=\"widget\" data-widget_type=\"image.default\">\n\t\t\t\t<div class=\"elementor-widget-container\">\n\t\t\t\t\t\t\t\t\t\t\t\t\t\t\t<img fetchpriority=\"high\" decoding=\"async\" width=\"800\" height=\"600\" src=\"https:\/\/excelsior-hotel.cz\/wp-content\/uploads\/2025\/05\/hotel-vstup.webp\" class=\"attachment-large size-large wp-image-3671\" alt=\"\" srcset=\"https:\/\/excelsior-hotel.cz\/wp-content\/uploads\/2025\/05\/hotel-vstup.webp 1000w, https:\/\/excelsior-hotel.cz\/wp-content\/uploads\/2025\/05\/hotel-vstup-300x225.webp 300w, https:\/\/excelsior-hotel.cz\/wp-content\/uploads\/2025\/05\/hotel-vstup-768x576.webp 768w\" sizes=\"(max-width: 800px) 100vw, 800px\" \/>\t\t\t\t\t\t\t\t\t\t\t\t\t\t\t<\/div>\n\t\t\t\t<\/div>\n\t\t\t\t<\/div>\n\t\t\t\t\t<\/div>\n\t\t\t\t<\/div>\n\t\t<div class=\"elementor-element elementor-element-0d77c94 e-flex e-con-boxed e-con e-parent\" data-id=\"0d77c94\" data-element_type=\"container\" data-e-type=\"container\" id=\"recepce\">\n\t\t\t\t\t<div class=\"e-con-inner\">\n\t\t<div class=\"elementor-element elementor-element-0319509 e-con-full e-flex e-con e-child\" data-id=\"0319509\" data-element_type=\"container\" data-e-type=\"container\">\n\t\t<div class=\"elementor-element elementor-element-9340a13 e-con-full e-flex e-con e-child\" data-id=\"9340a13\" data-element_type=\"container\" data-e-type=\"container\">\n\t\t\t\t<div class=\"elementor-element elementor-element-810ce82 elementor-widget elementor-widget-heading\" data-id=\"810ce82\" data-element_type=\"widget\" data-e-type=\"widget\" data-widget_type=\"heading.default\">\n\t\t\t\t<div class=\"elementor-widget-container\">\n\t\t\t\t\t<h2 class=\"elementor-heading-title elementor-size-default\">Reception<\/h2>\t\t\t\t<\/div>\n\t\t\t\t<\/div>\n\t\t<div class=\"elementor-element elementor-element-66eff4e e-grid e-con-full e-con e-child\" data-id=\"66eff4e\" data-element_type=\"container\" data-e-type=\"container\">\n\t\t\t\t<div class=\"elementor-element elementor-element-ff97fc3 elementor-widget elementor-widget-icon-box\" data-id=\"ff97fc3\" data-element_type=\"widget\" data-e-type=\"widget\" data-widget_type=\"icon-box.default\">\n\t\t\t\t<div class=\"elementor-widget-container\">\n\t\t\t\t\t\t\t<div class=\"elementor-icon-box-wrapper\">\n\n\t\t\t\n\t\t\t\t\t\t<div class=\"elementor-icon-box-content\">\n\n\t\t\t\t\t\t\t\t\t<h5 class=\"elementor-icon-box-title\">\n\t\t\t\t\t\t<span  >\n\t\t\t\t\t\t\tPhone\t\t\t\t\t\t<\/span>\n\t\t\t\t\t<\/h5>\n\t\t\t\t\n\t\t\t\t\t\t\t\t\t<p class=\"elementor-icon-box-description\">\n\t\t\t\t\t\t<a href=\"tel:+420558341003\">+420 558 341 003<\/a>\t\t\t\t\t<\/p>\n\t\t\t\t\n\t\t\t<\/div>\n\t\t\t\n\t\t<\/div>\n\t\t\t\t\t\t<\/div>\n\t\t\t\t<\/div>\n\t\t\t\t<div class=\"elementor-element elementor-element-38b6136 elementor-widget elementor-widget-icon-box\" data-id=\"38b6136\" data-element_type=\"widget\" data-e-type=\"widget\" data-widget_type=\"icon-box.default\">\n\t\t\t\t<div class=\"elementor-widget-container\">\n\t\t\t\t\t\t\t<div class=\"elementor-icon-box-wrapper\">\n\n\t\t\t\n\t\t\t\t\t\t<div class=\"elementor-icon-box-content\">\n\n\t\t\t\t\t\t\t\t\t<h5 class=\"elementor-icon-box-title\">\n\t\t\t\t\t\t<span  >\n\t\t\t\t\t\t\tE-mail\t\t\t\t\t\t<\/span>\n\t\t\t\t\t<\/h5>\n\t\t\t\t\n\t\t\t\t\t\t\t\t\t<p class=\"elementor-icon-box-description\">\n\t\t\t\t\t\t<a href=\"mailto:recepce@excelsior-hotel.cz\">recepce@excelsior-hotel.cz<\/a>\t\t\t\t\t<\/p>\n\t\t\t\t\n\t\t\t<\/div>\n\t\t\t\n\t\t<\/div>\n\t\t\t\t\t\t<\/div>\n\t\t\t\t<\/div>\n\t\t\t\t<\/div>\n\t\t\t\t<\/div>\n\t\t<div class=\"elementor-element elementor-element-689e78b e-con-full e-flex e-con e-child\" data-id=\"689e78b\" data-element_type=\"container\" data-e-type=\"container\">\n\t\t\t\t<div class=\"elementor-element elementor-element-6b86679 elementor-widget elementor-widget-text-editor\" data-id=\"6b86679\" data-element_type=\"widget\" data-e-type=\"widget\" data-widget_type=\"text-editor.default\">\n\t\t\t\t<div class=\"elementor-widget-container\">\n\t\t\t\t\t\t\t\t\t<p>Check in: from 3 p.m.<br>Check out: until 10 a.m.<\/p><p><strong>Reservations become binding only after confirmation by email.<\/strong><\/p>\t\t\t\t\t\t\t\t<\/div>\n\t\t\t\t<\/div>\n\t\t\t\t<\/div>\n\t\t\t\t<\/div>\n\t\t\t\t\t<\/div>\n\t\t\t\t<\/div>\n\t\t<div class=\"elementor-element elementor-element-1b85b82 e-flex e-con-boxed e-con e-parent\" data-id=\"1b85b82\" data-element_type=\"container\" data-e-type=\"container\" id=\"management\">\n\t\t\t\t\t<div class=\"e-con-inner\">\n\t\t<div class=\"elementor-element elementor-element-fd62cda e-con-full e-flex e-con e-child\" data-id=\"fd62cda\" data-element_type=\"container\" data-e-type=\"container\">\n\t\t<div class=\"elementor-element elementor-element-8063dec e-con-full e-flex e-con e-child\" data-id=\"8063dec\" data-element_type=\"container\" data-e-type=\"container\">\n\t\t\t\t<div class=\"elementor-element elementor-element-eee0e12 elementor-widget elementor-widget-heading\" data-id=\"eee0e12\" data-element_type=\"widget\" data-e-type=\"widget\" data-widget_type=\"heading.default\">\n\t\t\t\t<div class=\"elementor-widget-container\">\n\t\t\t\t\t<h2 class=\"elementor-heading-title elementor-size-default\">Management<\/h2>\t\t\t\t<\/div>\n\t\t\t\t<\/div>\n\t\t<div class=\"elementor-element elementor-element-5920a46 e-grid e-con-full e-con e-child\" data-id=\"5920a46\" data-element_type=\"container\" data-e-type=\"container\">\n\t\t\t\t<div class=\"elementor-element elementor-element-7afe459 elementor-widget elementor-widget-icon-box\" data-id=\"7afe459\" data-element_type=\"widget\" data-e-type=\"widget\" data-widget_type=\"icon-box.default\">\n\t\t\t\t<div class=\"elementor-widget-container\">\n\t\t\t\t\t\t\t<div class=\"elementor-icon-box-wrapper\">\n\n\t\t\t\n\t\t\t\t\t\t<div class=\"elementor-icon-box-content\">\n\n\t\t\t\t\t\t\t\t\t<h5 class=\"elementor-icon-box-title\">\n\t\t\t\t\t\t<span  >\n\t\t\t\t\t\t\tPhone to the manager\t\t\t\t\t\t<\/span>\n\t\t\t\t\t<\/h5>\n\t\t\t\t\n\t\t\t\t\t\t\t\t\t<p class=\"elementor-icon-box-description\">\n\t\t\t\t\t\t<a href=\"tel:+420773303973\">+420 773 303 973<\/a>\t\t\t\t\t<\/p>\n\t\t\t\t\n\t\t\t<\/div>\n\t\t\t\n\t\t<\/div>\n\t\t\t\t\t\t<\/div>\n\t\t\t\t<\/div>\n\t\t\t\t<div class=\"elementor-element elementor-element-0a0f8e5 elementor-widget elementor-widget-icon-box\" data-id=\"0a0f8e5\" data-element_type=\"widget\" data-e-type=\"widget\" data-widget_type=\"icon-box.default\">\n\t\t\t\t<div class=\"elementor-widget-container\">\n\t\t\t\t\t\t\t<div class=\"elementor-icon-box-wrapper\">\n\n\t\t\t\n\t\t\t\t\t\t<div class=\"elementor-icon-box-content\">\n\n\t\t\t\t\t\t\t\t\t<h5 class=\"elementor-icon-box-title\">\n\t\t\t\t\t\t<span  >\n\t\t\t\t\t\t\tE-mail to the manager\t\t\t\t\t\t<\/span>\n\t\t\t\t\t<\/h5>\n\t\t\t\t\n\t\t\t\t\t\t\t\t\t<p class=\"elementor-icon-box-description\">\n\t\t\t\t\t\t<a href=\"mailto:manager@excelsior-hotel.cz\">manager@excelsior-hotel.cz<\/a>\t\t\t\t\t<\/p>\n\t\t\t\t\n\t\t\t<\/div>\n\t\t\t\n\t\t<\/div>\n\t\t\t\t\t\t<\/div>\n\t\t\t\t<\/div>\n\t\t\t\t<div class=\"elementor-element elementor-element-6d14018 elementor-widget elementor-widget-icon-box\" data-id=\"6d14018\" data-element_type=\"widget\" data-e-type=\"widget\" data-widget_type=\"icon-box.default\">\n\t\t\t\t<div class=\"elementor-widget-container\">\n\t\t\t\t\t\t\t<div class=\"elementor-icon-box-wrapper\">\n\n\t\t\t\n\t\t\t\t\t\t<div class=\"elementor-icon-box-content\">\n\n\t\t\t\t\t\t\t\t\t<h5 class=\"elementor-icon-box-title\">\n\t\t\t\t\t\t<span  >\n\t\t\t\t\t\t\tTelephone to the assistant\t\t\t\t\t\t<\/span>\n\t\t\t\t\t<\/h5>\n\t\t\t\t\n\t\t\t\t\t\t\t\t\t<p class=\"elementor-icon-box-description\">\n\t\t\t\t\t\t<a href=\"tel:+420605228893\">+420 605 228 893<\/a>\t\t\t\t\t<\/p>\n\t\t\t\t\n\t\t\t<\/div>\n\t\t\t\n\t\t<\/div>\n\t\t\t\t\t\t<\/div>\n\t\t\t\t<\/div>\n\t\t\t\t<div class=\"elementor-element elementor-element-6349f08 elementor-widget elementor-widget-icon-box\" data-id=\"6349f08\" data-element_type=\"widget\" data-e-type=\"widget\" data-widget_type=\"icon-box.default\">\n\t\t\t\t<div class=\"elementor-widget-container\">\n\t\t\t\t\t\t\t<div class=\"elementor-icon-box-wrapper\">\n\n\t\t\t\n\t\t\t\t\t\t<div class=\"elementor-icon-box-content\">\n\n\t\t\t\t\t\t\t\t\t<h5 class=\"elementor-icon-box-title\">\n\t\t\t\t\t\t<span  >\n\t\t\t\t\t\t\te-mail to the assistant\t\t\t\t\t\t<\/span>\n\t\t\t\t\t<\/h5>\n\t\t\t\t\n\t\t\t\t\t\t\t\t\t<p class=\"elementor-icon-box-description\">\n\t\t\t\t\t\t<a href=\"mailto:kludska@excelsior-hotel.cz\">kludska@excelsior-hotel.cz<\/a>\t\t\t\t\t<\/p>\n\t\t\t\t\n\t\t\t<\/div>\n\t\t\t\n\t\t<\/div>\n\t\t\t\t\t\t<\/div>\n\t\t\t\t<\/div>\n\t\t\t\t<\/div>\n\t\t\t\t<\/div>\n\t\t<div class=\"elementor-element elementor-element-81670be e-con-full e-flex e-con e-child\" data-id=\"81670be\" data-element_type=\"container\" data-e-type=\"container\">\n\t\t\t\t<div class=\"elementor-element elementor-element-b2316e7 elementor-widget elementor-widget-text-editor\" data-id=\"b2316e7\" data-element_type=\"widget\" data-e-type=\"widget\" data-widget_type=\"text-editor.default\">\n\t\t\t\t<div class=\"elementor-widget-container\">\n\t\t\t\t\t\t\t\t\t<p>Arranging corporate and other social events, planning weddings, accommodation for large groups.<\/p>\t\t\t\t\t\t\t\t<\/div>\n\t\t\t\t<\/div>\n\t\t\t\t<\/div>\n\t\t\t\t<\/div>\n\t\t\t\t\t<\/div>\n\t\t\t\t<\/div>\n\t\t<div class=\"elementor-element elementor-element-8026c6e e-flex e-con-boxed e-con e-parent\" data-id=\"8026c6e\" data-element_type=\"container\" data-e-type=\"container\" id=\"spravce\">\n\t\t\t\t\t<div class=\"e-con-inner\">\n\t\t<div class=\"elementor-element elementor-element-70e264c e-con-full e-flex e-con e-child\" data-id=\"70e264c\" data-element_type=\"container\" data-e-type=\"container\">\n\t\t<div class=\"elementor-element elementor-element-49ab657 e-con-full e-flex e-con e-child\" data-id=\"49ab657\" data-element_type=\"container\" data-e-type=\"container\">\n\t\t\t\t<div class=\"elementor-element elementor-element-64981cf elementor-widget elementor-widget-heading\" data-id=\"64981cf\" data-element_type=\"widget\" data-e-type=\"widget\" data-widget_type=\"heading.default\">\n\t\t\t\t<div class=\"elementor-widget-container\">\n\t\t\t\t\t<h2 class=\"elementor-heading-title elementor-size-default\">janitor<\/h2>\t\t\t\t<\/div>\n\t\t\t\t<\/div>\n\t\t<div class=\"elementor-element elementor-element-7ab14da e-grid e-con-full e-con e-child\" data-id=\"7ab14da\" data-element_type=\"container\" data-e-type=\"container\">\n\t\t\t\t<div class=\"elementor-element elementor-element-93a0e31 elementor-widget elementor-widget-icon-box\" data-id=\"93a0e31\" data-element_type=\"widget\" data-e-type=\"widget\" data-widget_type=\"icon-box.default\">\n\t\t\t\t<div class=\"elementor-widget-container\">\n\t\t\t\t\t\t\t<div class=\"elementor-icon-box-wrapper\">\n\n\t\t\t\n\t\t\t\t\t\t<div class=\"elementor-icon-box-content\">\n\n\t\t\t\t\t\t\t\t\t<h5 class=\"elementor-icon-box-title\">\n\t\t\t\t\t\t<span  >\n\t\t\t\t\t\t\tPhone\t\t\t\t\t\t<\/span>\n\t\t\t\t\t<\/h5>\n\t\t\t\t\n\t\t\t\t\t\t\t\t\t<p class=\"elementor-icon-box-description\">\n\t\t\t\t\t\t<a href=\"tel:+420739609007\">+420 739 609 007<\/a>\t\t\t\t\t<\/p>\n\t\t\t\t\n\t\t\t<\/div>\n\t\t\t\n\t\t<\/div>\n\t\t\t\t\t\t<\/div>\n\t\t\t\t<\/div>\n\t\t\t\t<\/div>\n\t\t\t\t<\/div>\n\t\t<div class=\"elementor-element elementor-element-21cfda7 e-con-full e-flex e-con e-child\" data-id=\"21cfda7\" data-element_type=\"container\" data-e-type=\"container\">\n\t\t\t\t<div class=\"elementor-element elementor-element-0cb7f54 elementor-widget elementor-widget-text-editor\" data-id=\"0cb7f54\" data-element_type=\"widget\" data-e-type=\"widget\" data-widget_type=\"text-editor.default\">\n\t\t\t\t<div class=\"elementor-widget-container\">\n\t\t\t\t\t\t\t\t\t<p>Contact for reporting a technical fault in the hotel.<\/p>\t\t\t\t\t\t\t\t<\/div>\n\t\t\t\t<\/div>\n\t\t\t\t<\/div>\n\t\t\t\t<\/div>\n\t\t\t\t\t<\/div>\n\t\t\t\t<\/div>\n\t\t<div class=\"elementor-element elementor-element-6454d2a e-con-full e-flex e-con e-parent\" data-id=\"6454d2a\" data-element_type=\"container\" data-e-type=\"container\">\n\t\t\t\t<div class=\"elementor-element elementor-element-b02167d elementor-widget elementor-widget-google_maps\" data-id=\"b02167d\" data-element_type=\"widget\" data-e-type=\"widget\" data-widget_type=\"google_maps.default\">\n\t\t\t\t<div class=\"elementor-widget-container\">\n\t\t\t\t\t\t\t<div class=\"elementor-custom-embed\">\n\t\t\t<iframe loading=\"lazy\"\n\t\t\t\t\tsrc=\"https:\/\/maps.google.com\/maps?q=Horsk%C3%BD%20hotel%20Excelsior&#038;t=m&#038;z=12&#038;output=embed&#038;iwloc=near\"\n\t\t\t\t\ttitle=\"Horsk\u00fd hotel Excelsior\"\n\t\t\t\t\taria-label=\"Horsk\u00fd hotel Excelsior\"\n\t\t\t><\/iframe>\n\t\t<\/div>\n\t\t\t\t\t\t<\/div>\n\t\t\t\t<\/div>\n\t\t\t\t<\/div>\n\t\t\t\t<\/div>\n\t\t","protected":false},"excerpt":{"rendered":"<p>Where tofind us Contact with nature Address Horn\u00ed Lomn\u00e1 071E739 91 Horn\u00ed Lomn\u00e1Czech Republic Billing information KORAS Reality s. r. o.Soukenick\u00e1 877\/9702 00 OstravaI\u010cO: 26813963DI\u010c: CZ26813963 Account number: 107-4906750287\/0100 Reception Phone +420 558 341 003 E-mail recepce@excelsior-hotel.cz Check in: from 3 p.m.Check out: until 10 a.m. Reservations become binding only after confirmation by email. Management [&hellip;]<\/p>\n","protected":false},"author":1,"featured_media":0,"parent":0,"menu_order":0,"comment_status":"closed","ping_status":"closed","template":"","meta":{"_acf_changed":false,"footnotes":""},"class_list":["post-4650","page","type-page","status-publish","hentry"],"acf":[],"yoast_head":"<!-- This site is optimized with the Yoast SEO plugin v27.4 - https:\/\/yoast.com\/product\/yoast-seo-wordpress\/ -->\n<title>Contact - Excelsior<\/title>\n<meta name=\"robots\" content=\"index, follow, max-snippet:-1, max-image-preview:large, max-video-preview:-1\" \/>\n<link rel=\"canonical\" href=\"https:\/\/excelsior-hotel.cz\/en\/contact\/\" \/>\n<meta property=\"og:locale\" content=\"en_US\" \/>\n<meta property=\"og:type\" content=\"article\" \/>\n<meta property=\"og:title\" content=\"Contact - Excelsior\" \/>\n<meta property=\"og:description\" content=\"Where tofind us Contact with nature Address Horn\u00ed Lomn\u00e1 071E739 91 Horn\u00ed Lomn\u00e1Czech Republic Billing information KORAS Reality s. r. o.Soukenick\u00e1 877\/9702 00 OstravaI\u010cO: 26813963DI\u010c: CZ26813963 Account number: 107-4906750287\/0100 Reception Phone +420 558 341 003 E-mail recepce@excelsior-hotel.cz Check in: from 3 p.m.Check out: until 10 a.m. Reservations become binding only after confirmation by email. Management [&hellip;]\" \/>\n<meta property=\"og:url\" content=\"https:\/\/excelsior-hotel.cz\/en\/contact\/\" \/>\n<meta property=\"og:site_name\" content=\"Excelsior\" \/>\n<meta property=\"article:modified_time\" content=\"2025-07-24T10:19:16+00:00\" \/>\n<meta property=\"og:image\" content=\"https:\/\/excelsior-hotel.cz\/wp-content\/uploads\/2025\/05\/hotel-vstup.webp\" \/>\n\t<meta property=\"og:image:width\" content=\"1000\" \/>\n\t<meta property=\"og:image:height\" content=\"750\" \/>\n\t<meta property=\"og:image:type\" content=\"image\/webp\" \/>\n<meta name=\"twitter:card\" content=\"summary_large_image\" \/>\n<script type=\"application\/ld+json\" class=\"yoast-schema-graph\">{\"@context\":\"https:\\\/\\\/schema.org\",\"@graph\":[{\"@type\":\"WebPage\",\"@id\":\"https:\\\/\\\/excelsior-hotel.cz\\\/en\\\/contact\\\/\",\"url\":\"https:\\\/\\\/excelsior-hotel.cz\\\/en\\\/contact\\\/\",\"name\":\"Contact - Excelsior\",\"isPartOf\":{\"@id\":\"https:\\\/\\\/excelsior-hotel.cz\\\/#website\"},\"primaryImageOfPage\":{\"@id\":\"https:\\\/\\\/excelsior-hotel.cz\\\/en\\\/contact\\\/#primaryimage\"},\"image\":{\"@id\":\"https:\\\/\\\/excelsior-hotel.cz\\\/en\\\/contact\\\/#primaryimage\"},\"thumbnailUrl\":\"https:\\\/\\\/excelsior-hotel.cz\\\/wp-content\\\/uploads\\\/2025\\\/05\\\/hotel-vstup.webp\",\"datePublished\":\"2025-06-10T09:59:11+00:00\",\"dateModified\":\"2025-07-24T10:19:16+00:00\",\"breadcrumb\":{\"@id\":\"https:\\\/\\\/excelsior-hotel.cz\\\/en\\\/contact\\\/#breadcrumb\"},\"inLanguage\":\"en-US\",\"potentialAction\":[{\"@type\":\"ReadAction\",\"target\":[\"https:\\\/\\\/excelsior-hotel.cz\\\/en\\\/contact\\\/\"]}]},{\"@type\":\"ImageObject\",\"inLanguage\":\"en-US\",\"@id\":\"https:\\\/\\\/excelsior-hotel.cz\\\/en\\\/contact\\\/#primaryimage\",\"url\":\"https:\\\/\\\/excelsior-hotel.cz\\\/wp-content\\\/uploads\\\/2025\\\/05\\\/hotel-vstup.webp\",\"contentUrl\":\"https:\\\/\\\/excelsior-hotel.cz\\\/wp-content\\\/uploads\\\/2025\\\/05\\\/hotel-vstup.webp\"},{\"@type\":\"BreadcrumbList\",\"@id\":\"https:\\\/\\\/excelsior-hotel.cz\\\/en\\\/contact\\\/#breadcrumb\",\"itemListElement\":[{\"@type\":\"ListItem\",\"position\":1,\"name\":\"Dom\u016f\",\"item\":\"https:\\\/\\\/excelsior-hotel.cz\\\/en\\\/home-page\\\/\"},{\"@type\":\"ListItem\",\"position\":2,\"name\":\"Contact\"}]},{\"@type\":\"WebSite\",\"@id\":\"https:\\\/\\\/excelsior-hotel.cz\\\/#website\",\"url\":\"https:\\\/\\\/excelsior-hotel.cz\\\/\",\"name\":\"Horsk\u00fd hotel Excelsior\",\"description\":\"Horsk\u00fd HOTEL &amp; WELLNESS v poho\u0159\u00ed Beskyd\",\"publisher\":{\"@id\":\"https:\\\/\\\/excelsior-hotel.cz\\\/#organization\"},\"potentialAction\":[{\"@type\":\"SearchAction\",\"target\":{\"@type\":\"EntryPoint\",\"urlTemplate\":\"https:\\\/\\\/excelsior-hotel.cz\\\/?s={search_term_string}\"},\"query-input\":{\"@type\":\"PropertyValueSpecification\",\"valueRequired\":true,\"valueName\":\"search_term_string\"}}],\"inLanguage\":\"en-US\"},{\"@type\":\"Organization\",\"@id\":\"https:\\\/\\\/excelsior-hotel.cz\\\/#organization\",\"name\":\"KORAS Reality s. r. o.\",\"url\":\"https:\\\/\\\/excelsior-hotel.cz\\\/\",\"logo\":{\"@type\":\"ImageObject\",\"inLanguage\":\"en-US\",\"@id\":\"https:\\\/\\\/excelsior-hotel.cz\\\/#\\\/schema\\\/logo\\\/image\\\/\",\"url\":\"https:\\\/\\\/excelsior-hotel.cz\\\/wp-content\\\/uploads\\\/2025\\\/03\\\/Logo-excelsior.svg\",\"contentUrl\":\"https:\\\/\\\/excelsior-hotel.cz\\\/wp-content\\\/uploads\\\/2025\\\/03\\\/Logo-excelsior.svg\",\"width\":379,\"height\":117,\"caption\":\"KORAS Reality s. r. o.\"},\"image\":{\"@id\":\"https:\\\/\\\/excelsior-hotel.cz\\\/#\\\/schema\\\/logo\\\/image\\\/\"}}]}<\/script>\n<!-- \/ Yoast SEO plugin. -->","yoast_head_json":{"title":"Contact - Excelsior","robots":{"index":"index","follow":"follow","max-snippet":"max-snippet:-1","max-image-preview":"max-image-preview:large","max-video-preview":"max-video-preview:-1"},"canonical":"https:\/\/excelsior-hotel.cz\/en\/contact\/","og_locale":"en_US","og_type":"article","og_title":"Contact - Excelsior","og_description":"Where tofind us Contact with nature Address Horn\u00ed Lomn\u00e1 071E739 91 Horn\u00ed Lomn\u00e1Czech Republic Billing information KORAS Reality s. r. o.Soukenick\u00e1 877\/9702 00 OstravaI\u010cO: 26813963DI\u010c: CZ26813963 Account number: 107-4906750287\/0100 Reception Phone +420 558 341 003 E-mail recepce@excelsior-hotel.cz Check in: from 3 p.m.Check out: until 10 a.m. Reservations become binding only after confirmation by email. Management [&hellip;]","og_url":"https:\/\/excelsior-hotel.cz\/en\/contact\/","og_site_name":"Excelsior","article_modified_time":"2025-07-24T10:19:16+00:00","og_image":[{"width":1000,"height":750,"url":"https:\/\/excelsior-hotel.cz\/wp-content\/uploads\/2025\/05\/hotel-vstup.webp","type":"image\/webp"}],"twitter_card":"summary_large_image","schema":{"@context":"https:\/\/schema.org","@graph":[{"@type":"WebPage","@id":"https:\/\/excelsior-hotel.cz\/en\/contact\/","url":"https:\/\/excelsior-hotel.cz\/en\/contact\/","name":"Contact - Excelsior","isPartOf":{"@id":"https:\/\/excelsior-hotel.cz\/#website"},"primaryImageOfPage":{"@id":"https:\/\/excelsior-hotel.cz\/en\/contact\/#primaryimage"},"image":{"@id":"https:\/\/excelsior-hotel.cz\/en\/contact\/#primaryimage"},"thumbnailUrl":"https:\/\/excelsior-hotel.cz\/wp-content\/uploads\/2025\/05\/hotel-vstup.webp","datePublished":"2025-06-10T09:59:11+00:00","dateModified":"2025-07-24T10:19:16+00:00","breadcrumb":{"@id":"https:\/\/excelsior-hotel.cz\/en\/contact\/#breadcrumb"},"inLanguage":"en-US","potentialAction":[{"@type":"ReadAction","target":["https:\/\/excelsior-hotel.cz\/en\/contact\/"]}]},{"@type":"ImageObject","inLanguage":"en-US","@id":"https:\/\/excelsior-hotel.cz\/en\/contact\/#primaryimage","url":"https:\/\/excelsior-hotel.cz\/wp-content\/uploads\/2025\/05\/hotel-vstup.webp","contentUrl":"https:\/\/excelsior-hotel.cz\/wp-content\/uploads\/2025\/05\/hotel-vstup.webp"},{"@type":"BreadcrumbList","@id":"https:\/\/excelsior-hotel.cz\/en\/contact\/#breadcrumb","itemListElement":[{"@type":"ListItem","position":1,"name":"Dom\u016f","item":"https:\/\/excelsior-hotel.cz\/en\/home-page\/"},{"@type":"ListItem","position":2,"name":"Contact"}]},{"@type":"WebSite","@id":"https:\/\/excelsior-hotel.cz\/#website","url":"https:\/\/excelsior-hotel.cz\/","name":"Horsk\u00fd hotel Excelsior","description":"Horsk\u00fd HOTEL &amp; WELLNESS v poho\u0159\u00ed Beskyd","publisher":{"@id":"https:\/\/excelsior-hotel.cz\/#organization"},"potentialAction":[{"@type":"SearchAction","target":{"@type":"EntryPoint","urlTemplate":"https:\/\/excelsior-hotel.cz\/?s={search_term_string}"},"query-input":{"@type":"PropertyValueSpecification","valueRequired":true,"valueName":"search_term_string"}}],"inLanguage":"en-US"},{"@type":"Organization","@id":"https:\/\/excelsior-hotel.cz\/#organization","name":"KORAS Reality s. r. o.","url":"https:\/\/excelsior-hotel.cz\/","logo":{"@type":"ImageObject","inLanguage":"en-US","@id":"https:\/\/excelsior-hotel.cz\/#\/schema\/logo\/image\/","url":"https:\/\/excelsior-hotel.cz\/wp-content\/uploads\/2025\/03\/Logo-excelsior.svg","contentUrl":"https:\/\/excelsior-hotel.cz\/wp-content\/uploads\/2025\/03\/Logo-excelsior.svg","width":379,"height":117,"caption":"KORAS Reality s. r. o."},"image":{"@id":"https:\/\/excelsior-hotel.cz\/#\/schema\/logo\/image\/"}}]}},"_links":{"self":[{"href":"https:\/\/excelsior-hotel.cz\/en\/wp-json\/wp\/v2\/pages\/4650","targetHints":{"allow":["GET"]}}],"collection":[{"href":"https:\/\/excelsior-hotel.cz\/en\/wp-json\/wp\/v2\/pages"}],"about":[{"href":"https:\/\/excelsior-hotel.cz\/en\/wp-json\/wp\/v2\/types\/page"}],"author":[{"embeddable":true,"href":"https:\/\/excelsior-hotel.cz\/en\/wp-json\/wp\/v2\/users\/1"}],"replies":[{"embeddable":true,"href":"https:\/\/excelsior-hotel.cz\/en\/wp-json\/wp\/v2\/comments?post=4650"}],"version-history":[{"count":3,"href":"https:\/\/excelsior-hotel.cz\/en\/wp-json\/wp\/v2\/pages\/4650\/revisions"}],"predecessor-version":[{"id":4822,"href":"https:\/\/excelsior-hotel.cz\/en\/wp-json\/wp\/v2\/pages\/4650\/revisions\/4822"}],"wp:attachment":[{"href":"https:\/\/excelsior-hotel.cz\/en\/wp-json\/wp\/v2\/media?parent=4650"}],"curies":[{"name":"wp","href":"https:\/\/api.w.org\/{rel}","templated":true}]}}